{"id":1186,"date":"2025-06-03T14:00:52","date_gmt":"2025-06-03T14:00:52","guid":{"rendered":"https:\/\/autotronic777.com\/?post_type=product&#038;p=1186"},"modified":"2025-06-19T13:55:33","modified_gmt":"2025-06-19T13:55:33","slug":"powergate-3","status":"publish","type":"product","link":"https:\/\/autotronic777.com\/es\/shop\/alientech\/powergate-3\/","title":{"rendered":"POWERGATE 4"},"content":{"rendered":"<h2 style=\"margin-top: 32px; margin-bottom: 20px;\">Powergate<\/h2>\n<p style=\"margin-bottom: 28px;\">Powergate es un programador de centralitas port\u00e1til de \u00faltima generaci\u00f3n para coches y motos, dise\u00f1ado para ofrecer a cada usuario una experiencia de conducci\u00f3n personalizada.<br \/>\nDesarrollado con un dise\u00f1o compacto y robusto, Powergate est\u00e1 dise\u00f1ado para un uso fiable en cualquier condici\u00f3n, ya sea en autom\u00f3viles o motocicletas.<br \/>\nCon Powergate, podr\u00e1 leer y escribir f\u00e1cilmente en las unidades de control del motor (ECU) y de la transmisi\u00f3n (TCU) mediante un proceso sencillo e intuitivo. Representa un gran salto adelante respecto a la versi\u00f3n anterior Powergate3+, ya que ofrece una compatibilidad mucho m\u00e1s amplia.<br \/>\nPowergate 4 le permite mejorar el rendimiento o reducir el consumo de combustible de un solo veh\u00edculo, todo desde su smartphone mediante la aplicaci\u00f3n Powergate para Android, iOS o Huawei EMUI. Gracias a sus archivos personalizados, puede aumentar el rendimiento de su veh\u00edculo de forma segura e independiente, haciendo que cada conducci\u00f3n sea m\u00e1s agradable.<\/p>\n<h3 style=\"margin-top: 32px; margin-bottom: 16px;\">Contenido del envase<\/h3>\n<div style=\"display: flex; align-items: flex-start; gap: 32px; margin-bottom: 32px;\">\n<ul style=\"margin: 0; padding-left: 20px;\">\n<li>Dispositivo Powergate<\/li>\n<li>Cable DAB<\/li>\n<li>Gu\u00eda r\u00e1pida<\/li>\n<\/ul>\n<p><img decoding=\"async\" class=\"\" style=\"width: 257px; height: 229px; border-radius: 8px;\" src=\"\/wp-content\/uploads\/2025\/06\/powergate.png\" alt=\"Powergate Packaging Contents\" \/><\/p>\n<\/div>","protected":false},"excerpt":{"rendered":"<p>Powergate Powergate is a next-generation portable control unit programmer for cars and motorcycles, designed to give every user a personalized driving experience. Developed with a compact and robust design, Powergate is engineered for reliable use in any condition\u2014whether on cars or motorcycles. With Powergate, you can easily read and write to engine (ECU) and transmission [&hellip;]<\/p>","protected":false},"featured_media":1264,"comment_status":"closed","ping_status":"closed","template":"","meta":{"inline_featured_image":false},"product_brand":[],"product_cat":[34],"product_tag":[],"class_list":{"0":"post-1186","1":"product","2":"type-product","3":"status-publish","4":"has-post-thumbnail","6":"product_cat-alientech","8":"first","9":"instock","10":"shipping-taxable","11":"purchasable","12":"product-type-variable"},"_links":{"self":[{"href":"https:\/\/autotronic777.com\/es\/wp-json\/wp\/v2\/product\/1186","targetHints":{"allow":["GET"]}}],"collection":[{"href":"https:\/\/autotronic777.com\/es\/wp-json\/wp\/v2\/product"}],"about":[{"href":"https:\/\/autotronic777.com\/es\/wp-json\/wp\/v2\/types\/product"}],"replies":[{"embeddable":true,"href":"https:\/\/autotronic777.com\/es\/wp-json\/wp\/v2\/comments?post=1186"}],"wp:featuredmedia":[{"embeddable":true,"href":"https:\/\/autotronic777.com\/es\/wp-json\/wp\/v2\/media\/1264"}],"wp:attachment":[{"href":"https:\/\/autotronic777.com\/es\/wp-json\/wp\/v2\/media?parent=1186"}],"wp:term":[{"taxonomy":"product_brand","embeddable":true,"href":"https:\/\/autotronic777.com\/es\/wp-json\/wp\/v2\/product_brand?post=1186"},{"taxonomy":"product_cat","embeddable":true,"href":"https:\/\/autotronic777.com\/es\/wp-json\/wp\/v2\/product_cat?post=1186"},{"taxonomy":"product_tag","embeddable":true,"href":"https:\/\/autotronic777.com\/es\/wp-json\/wp\/v2\/product_tag?post=1186"}],"curies":[{"name":"wp","href":"https:\/\/api.w.org\/{rel}","templated":true}]}}