{"id":1184,"date":"2025-06-03T13:56:39","date_gmt":"2025-06-03T13:56:39","guid":{"rendered":"https:\/\/autotronic777.com\/?post_type=product&#038;p=1184"},"modified":"2025-06-19T15:22:27","modified_gmt":"2025-06-19T15:22:27","slug":"ecm-titanium","status":"publish","type":"product","link":"https:\/\/autotronic777.com\/es\/shop\/alientech\/ecm-titanium\/","title":{"rendered":"ECM TITANIO"},"content":{"rendered":"<h2 style=\"margin-top: 32px; margin-bottom: 20px;\">ECM TITANIO<\/h2>\n<p style=\"margin-bottom: 28px;\">ECM TITANIUM es un software avanzado de recalibraci\u00f3n de Alientech, que le permite ver y modificar de forma independiente los archivos de calibraci\u00f3n del motor y la transmisi\u00f3n para una amplia gama de veh\u00edculos.<\/p>\n<h3 style=\"margin-top: 32px; margin-bottom: 16px;\">Por qu\u00e9 elegir ECM TITANIUM<\/h3>\n<ul style=\"margin-bottom: 28px; padding-left: 20px;\">\n<li>Entorno de software sencillo e intuitivo<\/li>\n<li>Acceso a una base de datos de m\u00e1s de 170.000 controladores y archivos originales<\/li>\n<li>Base de datos encriptada integrada en la memoria USB<\/li>\n<li>Satisface todas las necesidades operativas, tanto en l\u00ednea como fuera de l\u00ednea<\/li>\n<li>Soluci\u00f3n completa, vers\u00e1til y fiable<\/li>\n<li>Visualizaci\u00f3n de datos tabulares, 2D, 3D y hexadecimales<\/li>\n<li>Cree controladores personalizados con el complemento Driver Maker<\/li>\n<li>Modos de uso dual: Completo y Cr\u00e9ditos<\/li>\n<\/ul>\n<h3 style=\"margin-top: 32px; margin-bottom: 16px;\">ECM TITANIUM Completo<br \/>\n<strong>Recalibraciones ilimitadas.<br \/>\n<\/strong><\/h3>\n<p style=\"margin-bottom: 18px;\">Con ECM Titanium Full, tendr\u00e1 acceso completo a todas las funciones, lo que le permitir\u00e1 realizar reajustes ilimitados siempre que lo necesite, sin restricciones.<\/p>\n<ul style=\"margin-bottom: 18px; padding-left: 20px;\">\n<li>Incluye asistencia t\u00e9cnica exclusiva y hasta 100 descargas de controladores al d\u00eda para coches, motos, tractores, camiones y barcos.<\/li>\n<li>Solicite archivos originales, nuevos controladores y reciba actualizaciones peri\u00f3dicas tanto de controladores como de software.<\/li>\n<\/ul>\n<h3 style=\"margin-top: 32px; margin-bottom: 16px;\">ECM TITANIUM Cr\u00e9ditos<br \/>\n<strong>Recalibraciones a petici\u00f3n.<\/strong><\/h3>\n<p style=\"margin-bottom: 18px;\">Controle sus operaciones con un sistema de cr\u00e9ditos flexible, que le permite ampliar su paquete de cr\u00e9ditos a medida que crecen sus necesidades.<br \/>\nCon los Cr\u00e9ditos ECM TITANIUM, usted realiza de forma selectiva las recalibraciones que m\u00e1s le importan.<\/p>\n<h3 style=\"margin-top: 32px; margin-bottom: 16px;\">Promoci\u00f3n ECM Titanium<\/h3>\n<p style=\"margin-bottom: 18px;\"><strong>Promo<\/strong> est\u00e1 dise\u00f1ado para usuarios con una herramienta Master. Ofrece todas las funciones de la versi\u00f3n completa, pero requiere un maestro KESS3 y est\u00e1 vinculado al n\u00famero de serie de esa herramienta.<\/p>","protected":false},"excerpt":{"rendered":"<p>ECM TITANIUM ECM TITANIUM is advanced recalibration software from Alientech, allowing you to independently view and modify engine and transmission calibration files for a wide range of vehicles. Why Choose ECM TITANIUM Simple, intuitive software environment Access to a database of over 170,000 drivers and original files Encrypted database integrated on the USB stick Meets [&hellip;]<\/p>","protected":false},"featured_media":1263,"comment_status":"closed","ping_status":"closed","template":"","meta":{"inline_featured_image":false},"product_brand":[],"product_cat":[34],"product_tag":[],"class_list":{"0":"post-1184","1":"product","2":"type-product","3":"status-publish","4":"has-post-thumbnail","6":"product_cat-alientech","8":"first","9":"instock","10":"shipping-taxable","11":"purchasable","12":"product-type-variable"},"_links":{"self":[{"href":"https:\/\/autotronic777.com\/es\/wp-json\/wp\/v2\/product\/1184","targetHints":{"allow":["GET"]}}],"collection":[{"href":"https:\/\/autotronic777.com\/es\/wp-json\/wp\/v2\/product"}],"about":[{"href":"https:\/\/autotronic777.com\/es\/wp-json\/wp\/v2\/types\/product"}],"replies":[{"embeddable":true,"href":"https:\/\/autotronic777.com\/es\/wp-json\/wp\/v2\/comments?post=1184"}],"wp:featuredmedia":[{"embeddable":true,"href":"https:\/\/autotronic777.com\/es\/wp-json\/wp\/v2\/media\/1263"}],"wp:attachment":[{"href":"https:\/\/autotronic777.com\/es\/wp-json\/wp\/v2\/media?parent=1184"}],"wp:term":[{"taxonomy":"product_brand","embeddable":true,"href":"https:\/\/autotronic777.com\/es\/wp-json\/wp\/v2\/product_brand?post=1184"},{"taxonomy":"product_cat","embeddable":true,"href":"https:\/\/autotronic777.com\/es\/wp-json\/wp\/v2\/product_cat?post=1184"},{"taxonomy":"product_tag","embeddable":true,"href":"https:\/\/autotronic777.com\/es\/wp-json\/wp\/v2\/product_tag?post=1184"}],"curies":[{"name":"wp","href":"https:\/\/api.w.org\/{rel}","templated":true}]}}