{"id":1049,"date":"2025-06-03T10:46:39","date_gmt":"2025-06-03T10:46:39","guid":{"rendered":"https:\/\/autotronic777.com\/?post_type=product&#038;p=1049"},"modified":"2025-06-19T15:19:59","modified_gmt":"2025-06-19T15:19:59","slug":"kess-3","status":"publish","type":"product","link":"https:\/\/autotronic777.com\/es\/shop\/alientech\/kess-3\/","title":{"rendered":"KESS 3"},"content":{"rendered":"<h1 style=\"margin-top: 32px; margin-bottom: 20px;\"><strong>KESS3<\/strong><\/h1>\n<p style=\"margin-bottom: 28px;\">KESS3 se ha desarrollado para ofrecer a todos, desde el joven aficionado al motor hasta los t\u00e9cnicos mecatr\u00f3nicos m\u00e1s especializados, una interfaz r\u00e1pida y sencilla para cualquier unidad de control del motor y caja de cambios autom\u00e1tica del mercado.<\/p>\n<h3 style=\"margin-top: 32px; margin-bottom: 16px;\">Funcionalidad todo en uno<\/h3>\n<p style=\"margin-bottom: 28px;\">KESS3 combina 3 modos de funcionamiento en una sola herramienta: <strong>DAB<\/strong>, <strong>Banco<\/strong> y <strong>Modo de arranque<\/strong>.<\/p>\n<p><!-- HTML for the 3 Modes Section (no inline styling) --><\/p>\n<div class=\"modes-flex-row\">\n<p><!-- OBD Mode --><\/p>\n<div class=\"mode-card obd\">\n<div>\n<h2>Modo DAB<\/h2>\n<p>Con el modo OBD, puede acceder f\u00e1cilmente a todos los datos de la ECU a trav\u00e9s de la toma de diagn\u00f3stico.<\/p>\n<\/div>\n<\/div>\n<p><!-- BENCH Mode --><\/p>\n<div class=\"mode-card bench\">\n<div>\n<h2>Modo BANCO<\/h2>\n<p>Una simple interfaz con el conector y tendr\u00e1s acceso completo a los datos de tu ECU.<\/p>\n<\/div>\n<p><img decoding=\"async\" src=\"\/wp-content\/uploads\/2025\/06\/viber_image_2025-06-11_11-07-33-723-e1749649452217.png\" alt=\"BENCH Mode\" \/><\/p>\n<\/div>\n<\/div>\n<p><!-- BOOT Mode --><\/p>\n<div class=\"modes-flex-col\">\n<div>\n<h2>Modo BOOT<\/h2>\n<p>Este modo le permite acceder a todas las \u00e1reas de datos del sistema. Lectura, escritura y clonaci\u00f3n.<\/p>\n<\/div>\n<p><img decoding=\"async\" class=\"boot-img\" src=\"\/wp-content\/uploads\/2025\/06\/viber_image_2025-06-11_11-07-31-953.png\" alt=\"BOOT Mode\" \/><\/p>\n<\/div>\n<h2 style=\"margin-top: 32px; margin-bottom: 16px;\">Kess3 Maestro o Esclavo<\/h2>\n<p style=\"margin-bottom: 18px;\">Una vez que haya adquirido su unidad de hardware Kess 3, puede decidir activarla como versi\u00f3n ESCLAVA o MAESTRA de la herramienta.<br \/>\nComo usuario Master, puedes leer los archivos en claro. Esto le permite operar independientemente para remapear y reprogramar la ECU con archivos modificados. Como usuario esclavo, s\u00f3lo su maestro ser\u00e1 capaz de descifrar sus archivos.<\/p>\n<h1 style=\"margin-top: 32px; margin-bottom: 16px;\">DynoDrive<\/h1>\n<p style=\"margin-bottom: 18px;\">DynoDrive es una funci\u00f3n avanzada, exclusiva de Alientech Suite y KESS3, que permite calcular y verificar el rendimiento mientras se conduce un veh\u00edculo.<br \/>\nA trav\u00e9s del puerto de diagn\u00f3stico OBD y la adquisici\u00f3n de datos del m\u00f3dulo GPS integrado, DynoDrive proporciona valores de potencia y par de un coche que se pueden exportar y comparar sin fin en su \u00e1rea reservada.<br \/>\nLa aplicaci\u00f3n DynoDrive le permite revolucionar las pruebas de veh\u00edculos en carretera, sin costes adicionales por equipos dedicados. La experiencia de probar un coche se transforma en una oportunidad \u00fanica para verificar el rendimiento del veh\u00edculo y evaluar la eficacia de cualquier modificaci\u00f3n.<br \/>\nCon DynoDrive, cada prueba en carretera proporcionar\u00e1 valores reales y fiables que representan un par\u00e1metro tangible para certificar su trabajo con tecnolog\u00eda punta y facilidad de uso del sistema.<\/p>\n<div class=\"mode-card dtc\" style=\"position: relative; color: #fff; justify-content: flex-end; overflow: hidden; background-image: url('\/wp-content\/uploads\/2025\/06\/DTC_cover2.jpg'); background-position: center; background-repeat: no-repeat; background-size: cover; border: 1px solid #ccc; box-sizing: border-box; height: 320px; padding: 32px 28px; border-radius: 8px;\">\n<div style=\"position: relative; z-index: 2; margin-right: auto;\">\n<h2 style=\"margin: 0 0 12px 0; font-size: 2em; font-weight: bold; color: #fff;\">M\u00f3dulo DTC<\/h2>\n<p style=\"margin: 0; font-size: 1.15em; color: #fff; text-shadow: 0 1px 6px rgba(0,0,0,0.7);\">La \u00faltima funci\u00f3n DTC le permite ver y borrar los C\u00f3digos de Diagn\u00f3stico de Problemas en autom\u00f3viles o motocicletas.<br \/>\nCuando se conecta a la unidad de control, KESS3 recupera los c\u00f3digos de error almacenados, lo que le permite restablecerlos y<br \/>\neliminar las luces de advertencia y las anomal\u00edas del salpicadero.<\/p>\n<\/div>\n<\/div>","protected":false},"excerpt":{"rendered":"<p>KESS3 KESS3 se ha desarrollado para proporcionar a todos, desde el joven aficionado al motor hasta los t\u00e9cnicos mecatr\u00f3nicos m\u00e1s especializados, una interfaz r\u00e1pida y sencilla para cualquier unidad de control del motor y caja de cambios autom\u00e1tica del mercado. Funcionalidad todo en uno KESS3 combina 3 modos de funcionamiento en una sola herramienta: OBD, Bench y Boot Mode. Modo OBD Con el [...]<\/p>","protected":false},"featured_media":1236,"comment_status":"closed","ping_status":"closed","template":"","meta":{"inline_featured_image":false},"product_brand":[],"product_cat":[34],"product_tag":[],"class_list":{"0":"post-1049","1":"product","2":"type-product","3":"status-publish","4":"has-post-thumbnail","6":"product_cat-alientech","8":"first","9":"instock","10":"shipping-taxable","11":"purchasable","12":"product-type-simple"},"_links":{"self":[{"href":"https:\/\/autotronic777.com\/es\/wp-json\/wp\/v2\/product\/1049","targetHints":{"allow":["GET"]}}],"collection":[{"href":"https:\/\/autotronic777.com\/es\/wp-json\/wp\/v2\/product"}],"about":[{"href":"https:\/\/autotronic777.com\/es\/wp-json\/wp\/v2\/types\/product"}],"replies":[{"embeddable":true,"href":"https:\/\/autotronic777.com\/es\/wp-json\/wp\/v2\/comments?post=1049"}],"wp:featuredmedia":[{"embeddable":true,"href":"https:\/\/autotronic777.com\/es\/wp-json\/wp\/v2\/media\/1236"}],"wp:attachment":[{"href":"https:\/\/autotronic777.com\/es\/wp-json\/wp\/v2\/media?parent=1049"}],"wp:term":[{"taxonomy":"product_brand","embeddable":true,"href":"https:\/\/autotronic777.com\/es\/wp-json\/wp\/v2\/product_brand?post=1049"},{"taxonomy":"product_cat","embeddable":true,"href":"https:\/\/autotronic777.com\/es\/wp-json\/wp\/v2\/product_cat?post=1049"},{"taxonomy":"product_tag","embeddable":true,"href":"https:\/\/autotronic777.com\/es\/wp-json\/wp\/v2\/product_tag?post=1049"}],"curies":[{"name":"wp","href":"https:\/\/api.w.org\/{rel}","templated":true}]}}