{"id":84,"date":"2025-05-28T07:36:01","date_gmt":"2025-05-28T07:36:01","guid":{"rendered":"https:\/\/autotronic777.com\/?page_id=84"},"modified":"2025-07-22T18:46:42","modified_gmt":"2025-07-22T18:46:42","slug":"about-us","status":"publish","type":"page","link":"https:\/\/autotronic777.com\/es\/about-us\/","title":{"rendered":"Qui\u00e9nes somos"},"content":{"rendered":"<div data-elementor-type=\"wp-page\" data-elementor-id=\"84\" class=\"elementor elementor-84\" data-elementor-post-type=\"page\">\n\t\t\t\t<div class=\"elementor-element elementor-element-5737bf0 e-flex e-con-boxed e-con e-parent\" data-id=\"5737bf0\" data-element_type=\"container\">\n\t\t\t\t\t<div class=\"e-con-inner\">\n\t\t<div class=\"elementor-element elementor-element-6daa340 e-con-full e-flex elementor-invisible e-con e-child\" data-id=\"6daa340\" data-element_type=\"container\" data-settings=\"{&quot;animation&quot;:&quot;fadeInLeft&quot;,&quot;animation_delay&quot;:0,&quot;animation_mobile&quot;:&quot;fadeInDown&quot;}\">\n\t\t\t\t<div class=\"elementor-element elementor-element-919eae5 elementor-widget elementor-widget-heading\" data-id=\"919eae5\" data-element_type=\"widget\" data-widget_type=\"heading.default\">\n\t\t\t\t<div class=\"elementor-widget-container\">\n\t\t\t\t\t<h1 class=\"elementor-heading-title elementor-size-default\"><i>IMPULSADO A LIDERAR, <br>EN SINTON\u00cdA PARA IR POR DELANTE<\/i><\/h1>\t\t\t\t<\/div>\n\t\t\t\t<\/div>\n\t\t\t\t<\/div>\n\t\t\t\t\t<\/div>\n\t\t\t\t<\/div>\n\t\t<div class=\"elementor-element elementor-element-b2d817c e-con-full e-flex e-con e-parent\" data-id=\"b2d817c\" data-element_type=\"container\">\n\t\t<div class=\"elementor-element elementor-element-3f240cf e-con-full e-flex elementor-invisible e-con e-child\" data-id=\"3f240cf\" data-element_type=\"container\" data-settings=\"{&quot;animation&quot;:&quot;fadeInRight&quot;,&quot;animation_delay&quot;:0,&quot;animation_mobile&quot;:&quot;fadeInRight&quot;}\">\n\t\t\t\t<div class=\"elementor-element elementor-element-25cbc54 elementor-widget elementor-widget-text-editor\" data-id=\"25cbc54\" data-element_type=\"widget\" data-widget_type=\"text-editor.default\">\n\t\t\t\t<div class=\"elementor-widget-container\">\n\t\t\t\t\t\t\t\t\t<p>AUTOTRONIC <span style=\"font-weight: normal;\">es una empresa profesional de electr\u00f3nica del autom\u00f3vil con sede en <\/span>Macedonia<span style=\"font-weight: normal;\">, especializada en diagn\u00f3stico avanzado de veh\u00edculos, programaci\u00f3n de ECU y reparaciones electr\u00f3nicas.<\/span><\/p><p><span style=\"font-weight: normal;\">Con 15 a\u00f1os de experiencia pr\u00e1ctica y pasi\u00f3n por la tecnolog\u00eda del autom\u00f3vil, ofrecemos soluciones fiables, r\u00e1pidas y asequibles para los veh\u00edculos modernos.<br \/>Con nosotros, puede estar seguro de que su veh\u00edculo est\u00e1 en manos de especialistas que se preocupan por la calidad y la seguridad. Nuestro objetivo es ofrecer soluciones de alta calidad para el diagn\u00f3stico y la programaci\u00f3n de veh\u00edculos.<\/span><\/p><p><span style=\"font-weight: normal;\">\u00a0<\/span><\/p><p><span style=\"font-weight: normal;\">En <\/span>AUTOTRONIC<span style=\"font-weight: normal;\">La seguridad es tan importante como el rendimiento. Superamos los l\u00edmites, pero nunca a costa de la seguridad.<br \/>Cada soluci\u00f3n de puesta a punto que ofrecemos se prueba rigurosamente para ofrecer la m\u00e1xima potencia sin comprometer la fiabilidad ni la salud del motor. Nuestras calibraciones personalizadas est\u00e1n dise\u00f1adas para dar rienda suelta a todo el potencial de su motor, a la vez que lo mantienen funcionando con suavidad, fuerza y seguridad.<\/span><\/p><p><span style=\"font-weight: normal;\">\u00a0<\/span><\/p><p><span style=\"font-weight: normal;\">\u00a0Estamos orgullosos de nuestra calidad, rapidez, satisfacci\u00f3n del cliente y asistencia experta.<\/span><\/p><p><span style=\"font-weight: normal;\">\u00a0<\/span><\/p><p><span style=\"font-weight: normal;\">\u00a0<\/span><span style=\"letter-spacing: 0.6px;\">AUTOTRONIC <\/span><span style=\"letter-spacing: 0.6px; font-weight: normal;\">es su socio de confianza.<\/span><\/p><p><span style=\"font-weight: normal;\">\u00a0En <\/span>AUTOTRONIC<span style=\"font-weight: normal;\">Su coche est\u00e1 en buenas manos.<\/span><\/p><p>\u00a0<\/p><p><b><i>\u00a0Probado. Ajustado. De confianza. Ese es el est\u00e1ndar de AUTOTRONIC.<\/i><\/b><\/p><p><b><i>\u00a0<\/i><\/b><\/p><p><span style=\"font-weight: normal;\">P\u00f3ngase en contacto con nosotros hoy mismo y note la diferencia.<\/span><\/p>\t\t\t\t\t\t\t\t<\/div>\n\t\t\t\t<\/div>\n\t\t\t\t<\/div>\n\t\t\t\t<\/div>\n\t\t<div class=\"elementor-element elementor-element-5775008 e-flex e-con-boxed e-con e-parent\" data-id=\"5775008\" data-element_type=\"container\">\n\t\t\t\t\t<div class=\"e-con-inner\">\n\t\t\t\t<div class=\"elementor-element elementor-element-4fcff49 elementor-widget-divider--view-line_text elementor-widget-divider--element-align-center elementor-widget elementor-widget-divider\" data-id=\"4fcff49\" data-element_type=\"widget\" data-widget_type=\"divider.default\">\n\t\t\t\t<div class=\"elementor-widget-container\">\n\t\t\t\t\t\t\t<div class=\"elementor-divider\">\n\t\t\t<span class=\"elementor-divider-separator\">\n\t\t\t\t\t\t\t<span class=\"elementor-divider__text elementor-divider__element\">\n\t\t\t\tDivisor\t\t\t\t<\/span>\n\t\t\t\t\t\t<\/span>\n\t\t<\/div>\n\t\t\t\t\t\t<\/div>\n\t\t\t\t<\/div>\n\t\t\t\t\t<\/div>\n\t\t\t\t<\/div>\n\t\t<div class=\"elementor-element elementor-element-ca12893 e-flex e-con-boxed e-con e-parent\" data-id=\"ca12893\" data-element_type=\"container\">\n\t\t\t\t\t<div class=\"e-con-inner\">\n\t\t<div class=\"elementor-element elementor-element-520eb0b e-con-full e-flex e-con e-child\" data-id=\"520eb0b\" data-element_type=\"container\">\n\t\t\t\t<\/div>\n\t\t<div class=\"elementor-element elementor-element-3435e35 e-con-full e-flex e-con e-child\" data-id=\"3435e35\" data-element_type=\"container\">\n\t\t\t\t<div class=\"elementor-element elementor-element-cb4c878 elementor-widget elementor-widget-html\" data-id=\"cb4c878\" data-element_type=\"widget\" data-widget_type=\"html.default\">\n\t\t\t\t<div class=\"elementor-widget-container\">\n\t\t\t\t\t<a href=\"https:\/\/www.evc.de\/en\/check_evc_license.asp?k=UYK8eF8D0IqVkXiEDStiFw%3d%3d\" target=\"_blank\"><img decoding=\"async\" src=\"https:\/\/www.evc.de\/common\/check_evc_license_image.asp?k=UYK8eF8D0IqVkXiEDStiFw%3d%3d\"><\/a>\n\t\t\t\t<\/div>\n\t\t\t\t<\/div>\n\t\t\t\t<\/div>\n\t\t<div class=\"elementor-element elementor-element-3d5e1ab e-con-full e-flex e-con e-child\" data-id=\"3d5e1ab\" data-element_type=\"container\">\n\t\t\t\t<\/div>\n\t\t\t\t\t<\/div>\n\t\t\t\t<\/div>\n\t\t\t\t<\/div>","protected":false},"excerpt":{"rendered":"<p>DRIVEN TO LEAD, TUNED TO STAY AHEAD AUTOTRONIC is a professional auto electronics company based in Macedonia, specializing in advanced vehicle diagnostics, ECU programming, and electronic repairs. With 15 years of hands-on experience and a passion for automotive technology, we offer reliable, fast, and affordable solutions for modern vehicles.With us, you can be assured that [&hellip;]<\/p>","protected":false},"author":1,"featured_media":0,"parent":0,"menu_order":0,"comment_status":"closed","ping_status":"closed","template":"","meta":{"inline_featured_image":false,"footnotes":""},"class_list":["post-84","page","type-page","status-publish","hentry"],"_links":{"self":[{"href":"https:\/\/autotronic777.com\/es\/wp-json\/wp\/v2\/pages\/84","targetHints":{"allow":["GET"]}}],"collection":[{"href":"https:\/\/autotronic777.com\/es\/wp-json\/wp\/v2\/pages"}],"about":[{"href":"https:\/\/autotronic777.com\/es\/wp-json\/wp\/v2\/types\/page"}],"author":[{"embeddable":true,"href":"https:\/\/autotronic777.com\/es\/wp-json\/wp\/v2\/users\/1"}],"replies":[{"embeddable":true,"href":"https:\/\/autotronic777.com\/es\/wp-json\/wp\/v2\/comments?post=84"}],"version-history":[{"count":186,"href":"https:\/\/autotronic777.com\/es\/wp-json\/wp\/v2\/pages\/84\/revisions"}],"predecessor-version":[{"id":2075,"href":"https:\/\/autotronic777.com\/es\/wp-json\/wp\/v2\/pages\/84\/revisions\/2075"}],"wp:attachment":[{"href":"https:\/\/autotronic777.com\/es\/wp-json\/wp\/v2\/media?parent=84"}],"curies":[{"name":"wp","href":"https:\/\/api.w.org\/{rel}","templated":true}]}}