{"id":730,"date":"2025-05-30T13:33:44","date_gmt":"2025-05-30T13:33:44","guid":{"rendered":"https:\/\/autotronic777.com\/?page_id=730"},"modified":"2025-06-04T07:54:02","modified_gmt":"2025-06-04T07:54:02","slug":"file-service-request","status":"publish","type":"page","link":"https:\/\/autotronic777.com\/es\/file-service-request\/","title":{"rendered":"Presentar una solicitud de servicio"},"content":{"rendered":"<div data-elementor-type=\"wp-page\" data-elementor-id=\"730\" class=\"elementor elementor-730\" data-elementor-post-type=\"page\">\n\t\t\t\t<div class=\"elementor-element elementor-element-169fe25 e-flex e-con-boxed e-con e-parent\" data-id=\"169fe25\" data-element_type=\"container\">\n\t\t\t\t\t<div class=\"e-con-inner\">\n\t\t\t\t<div class=\"elementor-element elementor-element-0b9f9b9 elementor-widget elementor-widget-heading\" data-id=\"0b9f9b9\" data-element_type=\"widget\" data-widget_type=\"heading.default\">\n\t\t\t\t<div class=\"elementor-widget-container\">\n\t\t\t\t\t<h1 class=\"elementor-heading-title elementor-size-default\">Presentar una solicitud de servicio<\/h1>\t\t\t\t<\/div>\n\t\t\t\t<\/div>\n\t\t\t\t<div class=\"elementor-element elementor-element-46484cb elementor-widget elementor-widget-text-editor\" data-id=\"46484cb\" data-element_type=\"widget\" data-widget_type=\"text-editor.default\">\n\t\t\t\t<div class=\"elementor-widget-container\">\n\t\t\t\t\t\t\t\t\t<p>Env\u00ede su archivo de tuning para obtener un servicio r\u00e1pido y profesional. Rellene los datos de su veh\u00edculo, cargue su archivo y nuestros expertos se pondr\u00e1n en contacto con usted para ofrecerle la soluci\u00f3n optimizada que necesita.<\/p>\t\t\t\t\t\t\t\t<\/div>\n\t\t\t\t<\/div>\n\t\t\t\t<div class=\"elementor-element elementor-element-d950696 elementor-widget elementor-widget-form\" data-id=\"d950696\" data-element_type=\"widget\" data-settings=\"{&quot;step_next_label&quot;:&quot;Next&quot;,&quot;step_previous_label&quot;:&quot;Previous&quot;,&quot;button_width&quot;:&quot;20&quot;,&quot;button_width_tablet&quot;:&quot;100&quot;,&quot;step_type&quot;:&quot;number_text&quot;,&quot;step_icon_shape&quot;:&quot;circle&quot;}\" data-widget_type=\"form.default\">\n\t\t\t\t<div class=\"elementor-widget-container\">\n\t\t\t\t\t\t\t<form class=\"elementor-form\" method=\"post\" name=\"File Service Request\" action=\"\">\n\t\t\t<input type=\"hidden\" name=\"post_id\" value=\"730\"\/>\n\t\t\t<input type=\"hidden\" name=\"form_id\" value=\"d950696\"\/>\n\t\t\t<input type=\"hidden\" name=\"referer_title\" value=\"File Service Request\" \/>\n\n\t\t\t\t\t\t\t<input type=\"hidden\" name=\"queried_id\" value=\"730\"\/>\n\t\t\t\n\t\t\t<div class=\"elementor-form-fields-wrapper elementor-labels-above\">\n\t\t\t\t\t\t\t\t<div class=\"elementor-field-type-text elementor-field-group elementor-column elementor-field-group-name elementor-col-100 elementor-md-50 elementor-field-required elementor-mark-required\">\n\t\t\t\t\t\t\t\t\t\t\t\t<label for=\"form-field-name\" class=\"elementor-field-label\">\n\t\t\t\t\t\t\t\tNombre y apellidos\t\t\t\t\t\t\t<\/label>\n\t\t\t\t\t\t\t\t\t\t\t\t\t\t<input size=\"1\" type=\"text\" name=\"form_fields[name]\" id=\"form-field-name\" class=\"elementor-field elementor-size-md  elementor-field-textual\" required=\"required\">\n\t\t\t\t\t\t\t\t\t\t\t<\/div>\n\t\t\t\t\t\t\t\t<div class=\"elementor-field-type-email elementor-field-group elementor-column elementor-field-group-email elementor-col-50 elementor-md-50 elementor-field-required elementor-mark-required\">\n\t\t\t\t\t\t\t\t\t\t\t\t<label for=\"form-field-email\" class=\"elementor-field-label\">\n\t\t\t\t\t\t\t\tCorreo electr\u00f3nico\t\t\t\t\t\t\t<\/label>\n\t\t\t\t\t\t\t\t\t\t\t\t\t\t<input size=\"1\" type=\"email\" name=\"form_fields[email]\" id=\"form-field-email\" class=\"elementor-field elementor-size-md  elementor-field-textual\" required=\"required\">\n\t\t\t\t\t\t\t\t\t\t\t<\/div>\n\t\t\t\t\t\t\t\t<div class=\"elementor-field-type-tel elementor-field-group elementor-column elementor-field-group-field_9b69a6e elementor-col-50 elementor-md-50 elementor-field-required elementor-mark-required\">\n\t\t\t\t\t\t\t\t\t\t\t\t<label for=\"form-field-field_9b69a6e\" class=\"elementor-field-label\">\n\t\t\t\t\t\t\t\tN\u00famero de tel\u00e9fono\t\t\t\t\t\t\t<\/label>\n\t\t\t\t\t\t\t\t<input size=\"1\" type=\"tel\" name=\"form_fields[field_9b69a6e]\" id=\"form-field-field_9b69a6e\" class=\"elementor-field elementor-size-md  elementor-field-textual\" required=\"required\" pattern=\"[0-9()#&amp;+*-=.]+\" title=\"S\u00f3lo se aceptan n\u00fameros y caracteres telef\u00f3nicos (#, -, *, etc).\">\n\n\t\t\t\t\t\t<\/div>\n\t\t\t\t\t\t\t\t<div class=\"elementor-field-type-text elementor-field-group elementor-column elementor-field-group-field_01ecf8f elementor-col-50 elementor-md-100 elementor-field-required elementor-mark-required\">\n\t\t\t\t\t\t\t\t\t\t\t\t<label for=\"form-field-field_01ecf8f\" class=\"elementor-field-label\">\n\t\t\t\t\t\t\t\tMarca y modelo del veh\u00edculo\t\t\t\t\t\t\t<\/label>\n\t\t\t\t\t\t\t\t\t\t\t\t\t\t<input size=\"1\" type=\"text\" name=\"form_fields[field_01ecf8f]\" id=\"form-field-field_01ecf8f\" class=\"elementor-field elementor-size-md  elementor-field-textual\" required=\"required\">\n\t\t\t\t\t\t\t\t\t\t\t<\/div>\n\t\t\t\t\t\t\t\t<div class=\"elementor-field-type-text elementor-field-group elementor-column elementor-field-group-field_748d5b3 elementor-col-50 elementor-md-100 elementor-field-required elementor-mark-required\">\n\t\t\t\t\t\t\t\t\t\t\t\t<label for=\"form-field-field_748d5b3\" class=\"elementor-field-label\">\n\t\t\t\t\t\t\t\tModelo de ECU\t\t\t\t\t\t\t<\/label>\n\t\t\t\t\t\t\t\t\t\t\t\t\t\t<input size=\"1\" type=\"text\" name=\"form_fields[field_748d5b3]\" id=\"form-field-field_748d5b3\" class=\"elementor-field elementor-size-md  elementor-field-textual\" required=\"required\">\n\t\t\t\t\t\t\t\t\t\t\t<\/div>\n\t\t\t\t\t\t\t\t<div class=\"elementor-field-type-checkbox elementor-field-group elementor-column elementor-field-group-required_checkboxes elementor-col-100 elementor-md-100\">\n\t\t\t\t\t\t\t\t\t\t\t\t<label for=\"form-field-required_checkboxes\" class=\"elementor-field-label\">\n\t\t\t\t\t\t\t\tSeleccione un M\u00d3DULO\t\t\t\t\t\t\t<\/label>\n\t\t\t\t\t\t<div class=\"elementor-field-subgroup\"><span class=\"elementor-field-option\"><input type=\"checkbox\" value=\"DPF OFF\" id=\"form-field-required_checkboxes-0\" name=\"form_fields[required_checkboxes][]\"> <label for=\"form-field-required_checkboxes-0\">DPF APAGADO<\/label><\/span><span class=\"elementor-field-option\"><input type=\"checkbox\" value=\"FLAPS OFF\" id=\"form-field-required_checkboxes-1\" name=\"form_fields[required_checkboxes][]\"> <label for=\"form-field-required_checkboxes-1\">ALETAS APAGADAS<\/label><\/span><span class=\"elementor-field-option\"><input type=\"checkbox\" value=\"EXHAUST FLAP OFF\" id=\"form-field-required_checkboxes-2\" name=\"form_fields[required_checkboxes][]\"> <label for=\"form-field-required_checkboxes-2\">V\u00c1LVULA DE ESCAPE DESACTIVADA<\/label><\/span><span class=\"elementor-field-option\"><input type=\"checkbox\" value=\"STAGE 1\/2\" id=\"form-field-required_checkboxes-3\" name=\"form_fields[required_checkboxes][]\"> <label for=\"form-field-required_checkboxes-3\">ETAPA 1\/2<\/label><\/span><span class=\"elementor-field-option\"><input type=\"checkbox\" value=\"EGR OFF\" id=\"form-field-required_checkboxes-4\" name=\"form_fields[required_checkboxes][]\"> <label for=\"form-field-required_checkboxes-4\">EGR OFF<\/label><\/span><span class=\"elementor-field-option\"><input type=\"checkbox\" value=\"TVA OFF\" id=\"form-field-required_checkboxes-5\" name=\"form_fields[required_checkboxes][]\"> <label for=\"form-field-required_checkboxes-5\">TVA OFF<\/label><\/span><span class=\"elementor-field-option\"><input type=\"checkbox\" value=\"OIL PRESSURE FIX\" id=\"form-field-required_checkboxes-6\" name=\"form_fields[required_checkboxes][]\"> <label for=\"form-field-required_checkboxes-6\">PRESI\u00d3N DE ACEITE<\/label><\/span><span class=\"elementor-field-option\"><input type=\"checkbox\" value=\"TCU STAGE1\" id=\"form-field-required_checkboxes-7\" name=\"form_fields[required_checkboxes][]\"> <label for=\"form-field-required_checkboxes-7\">TCU ETAPA1<\/label><\/span><span class=\"elementor-field-option\"><input type=\"checkbox\" value=\"ADBLUE\/SCR OFF\" id=\"form-field-required_checkboxes-8\" name=\"form_fields[required_checkboxes][]\"> <label for=\"form-field-required_checkboxes-8\">ADBLUE\/SCR OFF<\/label><\/span><span class=\"elementor-field-option\"><input type=\"checkbox\" value=\"MAF OFF\" id=\"form-field-required_checkboxes-9\" name=\"form_fields[required_checkboxes][]\"> <label for=\"form-field-required_checkboxes-9\">MAF APAGADO<\/label><\/span><span class=\"elementor-field-option\"><input type=\"checkbox\" value=\"HOT START FIX\" id=\"form-field-required_checkboxes-10\" name=\"form_fields[required_checkboxes][]\"> <label for=\"form-field-required_checkboxes-10\">ARRANQUE EN CALIENTE FIX<\/label><\/span><span class=\"elementor-field-option\"><input type=\"checkbox\" value=\"SPORT DISPLAY CALIBRATION\" id=\"form-field-required_checkboxes-11\" name=\"form_fields[required_checkboxes][]\"> <label for=\"form-field-required_checkboxes-11\">CALIBRACI\u00d3N DE LA PANTALLA SPORT<\/label><\/span><span class=\"elementor-field-option\"><input type=\"checkbox\" value=\"START STOP OFF\" id=\"form-field-required_checkboxes-12\" name=\"form_fields[required_checkboxes][]\"> <label for=\"form-field-required_checkboxes-12\">START STOP OFF<\/label><\/span><span class=\"elementor-field-option\"><input type=\"checkbox\" value=\"LAMBDA\/O2 OFF\" id=\"form-field-required_checkboxes-13\" name=\"form_fields[required_checkboxes][]\"> <label for=\"form-field-required_checkboxes-13\">LAMBDA\/O2 OFF<\/label><\/span><span class=\"elementor-field-option\"><input type=\"checkbox\" value=\"TORQUE MONITORING\" id=\"form-field-required_checkboxes-14\" name=\"form_fields[required_checkboxes][]\"> <label for=\"form-field-required_checkboxes-14\">CONTROL DEL PAR<\/label><\/span><span class=\"elementor-field-option\"><input type=\"checkbox\" value=\"POP &amp; BANGS\/ POP CORN\" id=\"form-field-required_checkboxes-15\" name=\"form_fields[required_checkboxes][]\"> <label for=\"form-field-required_checkboxes-15\">POP &amp; BANGS\/ POP CORN<\/label><\/span><\/div>\t\t\t\t<\/div>\n\t\t\t\t\t\t\t\t<div class=\"elementor-field-type-textarea elementor-field-group elementor-column elementor-field-group-message elementor-col-100 elementor-md-100 elementor-field-required elementor-mark-required\">\n\t\t\t\t\t\t\t\t\t\t\t\t<label for=\"form-field-message\" class=\"elementor-field-label\">\n\t\t\t\t\t\t\t\tIntroducir mensaje \t\t\t\t\t\t\t<\/label>\n\t\t\t\t\t\t<textarea class=\"elementor-field-textual elementor-field  elementor-size-md\" name=\"form_fields[message]\" id=\"form-field-message\" rows=\"4\" required=\"required\"><\/textarea>\t\t\t\t<\/div>\n\t\t\t\t\t\t\t\t<div class=\"elementor-field-type-upload elementor-field-group elementor-column elementor-field-group-field_86b4a91 elementor-col-100 elementor-md-100 elementor-field-required elementor-mark-required\">\n\t\t\t\t\t\t\t\t\t\t\t\t<label for=\"form-field-field_86b4a91\" class=\"elementor-field-label\">\n\t\t\t\t\t\t\t\tAdjuntar archivo\t\t\t\t\t\t\t<\/label>\n\t\t\t\t\t\t\t\t<input type=\"file\" name=\"form_fields[field_86b4a91][]\" id=\"form-field-field_86b4a91\" class=\"elementor-field elementor-size-md  elementor-upload-field\" required=\"required\" multiple=\"multiple\">\n\n\t\t\t\t\t\t<\/div>\n\t\t\t\t\t\t\t\t<div class=\"elementor-field-group elementor-column elementor-field-type-submit elementor-col-20 e-form__buttons elementor-md-100\">\n\t\t\t\t\t<button class=\"elementor-button elementor-size-sm\" type=\"submit\">\n\t\t\t\t\t\t<span class=\"elementor-button-content-wrapper\">\n\t\t\t\t\t\t\t\t\t\t\t\t\t\t\t\t\t\t\t\t\t\t<span class=\"elementor-button-text\">Enviar solicitud<\/span>\n\t\t\t\t\t\t\t\t\t\t\t\t\t<\/span>\n\t\t\t\t\t<\/button>\n\t\t\t\t<\/div>\n\t\t\t<\/div>\n\t\t<input type=\"hidden\" name=\"trp-form-language\" value=\"es\"\/><\/form>\n\t\t\t\t\t\t<\/div>\n\t\t\t\t<\/div>\n\t\t\t\t\t<\/div>\n\t\t\t\t<\/div>\n\t\t\t\t<\/div>","protected":false},"excerpt":{"rendered":"<p>File Service Request Submit your tuning file for fast, professional service. Fill in your vehicle details, upload your file, and our experts will get back to you with the optimized solution you need.<\/p>","protected":false},"author":1,"featured_media":0,"parent":0,"menu_order":0,"comment_status":"closed","ping_status":"closed","template":"","meta":{"inline_featured_image":false,"footnotes":""},"class_list":["post-730","page","type-page","status-publish","hentry"],"_links":{"self":[{"href":"https:\/\/autotronic777.com\/es\/wp-json\/wp\/v2\/pages\/730","targetHints":{"allow":["GET"]}}],"collection":[{"href":"https:\/\/autotronic777.com\/es\/wp-json\/wp\/v2\/pages"}],"about":[{"href":"https:\/\/autotronic777.com\/es\/wp-json\/wp\/v2\/types\/page"}],"author":[{"embeddable":true,"href":"https:\/\/autotronic777.com\/es\/wp-json\/wp\/v2\/users\/1"}],"replies":[{"embeddable":true,"href":"https:\/\/autotronic777.com\/es\/wp-json\/wp\/v2\/comments?post=730"}],"version-history":[{"count":0,"href":"https:\/\/autotronic777.com\/es\/wp-json\/wp\/v2\/pages\/730\/revisions"}],"wp:attachment":[{"href":"https:\/\/autotronic777.com\/es\/wp-json\/wp\/v2\/media?parent=730"}],"curies":[{"name":"wp","href":"https:\/\/api.w.org\/{rel}","templated":true}]}}